{"id":863,"date":"2018-12-27T01:48:20","date_gmt":"2018-12-27T00:48:20","guid":{"rendered":"https:\/\/projekt-atelier.ch\/cookie-policy\/"},"modified":"2022-11-25T13:25:25","modified_gmt":"2022-11-25T12:25:25","slug":"cookie-policy","status":"publish","type":"page","link":"https:\/\/projekt-atelier.ch\/fr\/cookie-policy\/","title":{"rendered":"Cookie Policy"},"content":{"rendered":"<p>Ce site utilise des cookies &#8211; de petits fichiers texte qui sont plac\u00e9s sur votre machine pour aider le site \u00e0 offrir une meilleure exp\u00e9rience utilisateur. En g\u00e9n\u00e9ral, les cookies sont utilis\u00e9s pour conserver les pr\u00e9f\u00e9rences des utilisateurs, stocker des informations pour des choses comme les paniers d&rsquo;achat et fournir des donn\u00e9es de suivi anonymes \u00e0 des applications tierces comme Google Analytics. En r\u00e8gle g\u00e9n\u00e9rale, les cookies am\u00e9liorent votre exp\u00e9rience de navigation. Toutefois, vous pr\u00e9f\u00e9rerez peut-\u00eatre d\u00e9sactiver les cookies sur ce site et sur d&rsquo;autres. La mani\u00e8re la plus efficace de le faire est de d\u00e9sactiver les cookies dans votre navigateur. Nous vous sugg\u00e9rons de consulter la section \u00ab\u00a0Aide\u00a0\u00bb de votre navigateur ou de jeter un coup d&rsquo;\u0153il au site web <a href=\"http:\/\/www.aboutcookies.org\">the About Cookies website<\/a> qui offre des conseils pour tous les navigateurs modernes.<\/p>\n","protected":false},"excerpt":{"rendered":"<p>Ce site utilise des cookies &#8211; de petits fichiers texte qui sont plac\u00e9s sur votre machine pour aider le site \u00e0 offrir une meilleure exp\u00e9rience utilisateur. En g\u00e9n\u00e9ral, les cookies sont utilis\u00e9s pour conserver les pr\u00e9f\u00e9rences des utilisateurs, stocker des informations pour des choses comme les paniers d&rsquo;achat et fournir des donn\u00e9es de suivi anonymes [&hellip;]<\/p>\n","protected":false},"author":3,"featured_media":0,"parent":0,"menu_order":0,"comment_status":"closed","ping_status":"closed","template":"","meta":{"footnotes":""},"class_list":["post-863","page","type-page","status-publish","hentry"],"yoast_head":"<!-- This site is optimized with the Yoast SEO plugin v24.5 - https:\/\/yoast.com\/wordpress\/plugins\/seo\/ -->\n<title>Cookie Policy - ProjektAtelier<\/title>\n<meta name=\"robots\" content=\"index, follow, max-snippet:-1, max-image-preview:large, max-video-preview:-1\" \/>\n<link rel=\"canonical\" href=\"https:\/\/projekt-atelier.ch\/cookie-policy\/\" \/>\n<meta property=\"og:locale\" content=\"fr_FR\" \/>\n<meta property=\"og:type\" content=\"article\" \/>\n<meta property=\"og:title\" content=\"Cookie Policy - ProjektAtelier\" \/>\n<meta property=\"og:description\" content=\"Ce site utilise des cookies &#8211; de petits fichiers texte qui sont plac\u00e9s sur votre machine pour aider le site \u00e0 offrir une meilleure exp\u00e9rience utilisateur. En g\u00e9n\u00e9ral, les cookies sont utilis\u00e9s pour conserver les pr\u00e9f\u00e9rences des utilisateurs, stocker des informations pour des choses comme les paniers d&rsquo;achat et fournir des donn\u00e9es de suivi anonymes [&hellip;]\" \/>\n<meta property=\"og:url\" content=\"https:\/\/projekt-atelier.ch\/cookie-policy\/\" \/>\n<meta property=\"og:site_name\" content=\"ProjektAtelier\" \/>\n<meta property=\"article:modified_time\" content=\"2022-11-25T12:25:25+00:00\" \/>\n<meta name=\"twitter:card\" content=\"summary_large_image\" \/>\n<meta name=\"twitter:label1\" content=\"Dur\u00e9e de lecture estim\u00e9e\" \/>\n\t<meta name=\"twitter:data1\" content=\"1 minute\" \/>\n<script type=\"application\/ld+json\" class=\"yoast-schema-graph\">{\"@context\":\"https:\/\/schema.org\",\"@graph\":[{\"@type\":\"WebPage\",\"@id\":\"https:\/\/projekt-atelier.ch\/cookie-policy\/\",\"url\":\"https:\/\/projekt-atelier.ch\/cookie-policy\/\",\"name\":\"Cookie Policy - ProjektAtelier\",\"isPartOf\":{\"@id\":\"https:\/\/projekt-atelier.ch\/en\/#website\"},\"datePublished\":\"2018-12-27T00:48:20+00:00\",\"dateModified\":\"2022-11-25T12:25:25+00:00\",\"breadcrumb\":{\"@id\":\"https:\/\/projekt-atelier.ch\/cookie-policy\/#breadcrumb\"},\"inLanguage\":\"fr-FR\",\"potentialAction\":[{\"@type\":\"ReadAction\",\"target\":[\"https:\/\/projekt-atelier.ch\/cookie-policy\/\"]}]},{\"@type\":\"BreadcrumbList\",\"@id\":\"https:\/\/projekt-atelier.ch\/cookie-policy\/#breadcrumb\",\"itemListElement\":[{\"@type\":\"ListItem\",\"position\":1,\"name\":\"Home\",\"item\":\"https:\/\/projekt-atelier.ch\/fr\/gestion-de-projet\/\"},{\"@type\":\"ListItem\",\"position\":2,\"name\":\"Cookie Policy\"}]},{\"@type\":\"WebSite\",\"@id\":\"https:\/\/projekt-atelier.ch\/en\/#website\",\"url\":\"https:\/\/projekt-atelier.ch\/en\/\",\"name\":\"ProjektAtelier\",\"description\":\"\",\"potentialAction\":[{\"@type\":\"SearchAction\",\"target\":{\"@type\":\"EntryPoint\",\"urlTemplate\":\"https:\/\/projekt-atelier.ch\/en\/?s={search_term_string}\"},\"query-input\":{\"@type\":\"PropertyValueSpecification\",\"valueRequired\":true,\"valueName\":\"search_term_string\"}}],\"inLanguage\":\"fr-FR\"}]}<\/script>\n<!-- \/ Yoast SEO plugin. -->","yoast_head_json":{"title":"Cookie Policy - ProjektAtelier","robots":{"index":"index","follow":"follow","max-snippet":"max-snippet:-1","max-image-preview":"max-image-preview:large","max-video-preview":"max-video-preview:-1"},"canonical":"https:\/\/projekt-atelier.ch\/cookie-policy\/","og_locale":"fr_FR","og_type":"article","og_title":"Cookie Policy - ProjektAtelier","og_description":"Ce site utilise des cookies &#8211; de petits fichiers texte qui sont plac\u00e9s sur votre machine pour aider le site \u00e0 offrir une meilleure exp\u00e9rience utilisateur. En g\u00e9n\u00e9ral, les cookies sont utilis\u00e9s pour conserver les pr\u00e9f\u00e9rences des utilisateurs, stocker des informations pour des choses comme les paniers d&rsquo;achat et fournir des donn\u00e9es de suivi anonymes [&hellip;]","og_url":"https:\/\/projekt-atelier.ch\/cookie-policy\/","og_site_name":"ProjektAtelier","article_modified_time":"2022-11-25T12:25:25+00:00","twitter_card":"summary_large_image","twitter_misc":{"Dur\u00e9e de lecture estim\u00e9e":"1 minute"},"schema":{"@context":"https:\/\/schema.org","@graph":[{"@type":"WebPage","@id":"https:\/\/projekt-atelier.ch\/cookie-policy\/","url":"https:\/\/projekt-atelier.ch\/cookie-policy\/","name":"Cookie Policy - ProjektAtelier","isPartOf":{"@id":"https:\/\/projekt-atelier.ch\/en\/#website"},"datePublished":"2018-12-27T00:48:20+00:00","dateModified":"2022-11-25T12:25:25+00:00","breadcrumb":{"@id":"https:\/\/projekt-atelier.ch\/cookie-policy\/#breadcrumb"},"inLanguage":"fr-FR","potentialAction":[{"@type":"ReadAction","target":["https:\/\/projekt-atelier.ch\/cookie-policy\/"]}]},{"@type":"BreadcrumbList","@id":"https:\/\/projekt-atelier.ch\/cookie-policy\/#breadcrumb","itemListElement":[{"@type":"ListItem","position":1,"name":"Home","item":"https:\/\/projekt-atelier.ch\/fr\/gestion-de-projet\/"},{"@type":"ListItem","position":2,"name":"Cookie Policy"}]},{"@type":"WebSite","@id":"https:\/\/projekt-atelier.ch\/en\/#website","url":"https:\/\/projekt-atelier.ch\/en\/","name":"ProjektAtelier","description":"","potentialAction":[{"@type":"SearchAction","target":{"@type":"EntryPoint","urlTemplate":"https:\/\/projekt-atelier.ch\/en\/?s={search_term_string}"},"query-input":{"@type":"PropertyValueSpecification","valueRequired":true,"valueName":"search_term_string"}}],"inLanguage":"fr-FR"}]}},"_links":{"self":[{"href":"https:\/\/projekt-atelier.ch\/fr\/wp-json\/wp\/v2\/pages\/863","targetHints":{"allow":["GET"]}}],"collection":[{"href":"https:\/\/projekt-atelier.ch\/fr\/wp-json\/wp\/v2\/pages"}],"about":[{"href":"https:\/\/projekt-atelier.ch\/fr\/wp-json\/wp\/v2\/types\/page"}],"author":[{"embeddable":true,"href":"https:\/\/projekt-atelier.ch\/fr\/wp-json\/wp\/v2\/users\/3"}],"replies":[{"embeddable":true,"href":"https:\/\/projekt-atelier.ch\/fr\/wp-json\/wp\/v2\/comments?post=863"}],"version-history":[{"count":2,"href":"https:\/\/projekt-atelier.ch\/fr\/wp-json\/wp\/v2\/pages\/863\/revisions"}],"predecessor-version":[{"id":864,"href":"https:\/\/projekt-atelier.ch\/fr\/wp-json\/wp\/v2\/pages\/863\/revisions\/864"}],"wp:attachment":[{"href":"https:\/\/projekt-atelier.ch\/fr\/wp-json\/wp\/v2\/media?parent=863"}],"curies":[{"name":"wp","href":"https:\/\/api.w.org\/{rel}","templated":true}]}}