{"id":762,"date":"2018-12-27T01:48:20","date_gmt":"2018-12-27T00:48:20","guid":{"rendered":"https:\/\/projekt-atelier.ch\/cookie-policy\/"},"modified":"2022-11-20T16:51:58","modified_gmt":"2022-11-20T15:51:58","slug":"informativa-sui-cookie","status":"publish","type":"page","link":"https:\/\/projekt-atelier.ch\/it\/informativa-sui-cookie\/","title":{"rendered":"Informativa sui cookie"},"content":{"rendered":"<p>Questo sito utilizza i cookie, piccoli file di testo che vengono depositati sul vostro computer per aiutare il sito a fornire una migliore esperienza all&#8217;utente. In generale, i cookie vengono utilizzati per conservare le preferenze dell&#8217;utente, memorizzare le informazioni relative ad esempio ai carrelli della spesa e fornire dati di tracciamento anonimi ad applicazioni di terze parti come Google Analytics. Di norma, i cookie migliorano l&#8217;esperienza di navigazione dell&#8217;utente. Tuttavia, \u00e8 possibile che l&#8217;utente preferisca disabilitare i cookie su questo sito e su altri. Il modo pi\u00f9 efficace per farlo \u00e8 disabilitare i cookie nel browser. Vi suggeriamo di consultare la sezione Aiuto del vostro browser o di dare un&#8217;occhiata al sito <a href=\"http:\/\/www.aboutcookies.org\">the About Cookies website<\/a> che offre indicazioni per tutti i browser moderni.<\/p>\n","protected":false},"excerpt":{"rendered":"<p>Questo sito utilizza i cookie, piccoli file di testo che vengono depositati sul vostro computer per aiutare il sito a fornire una migliore esperienza all&#8217;utente. In generale, i cookie vengono utilizzati per conservare le preferenze dell&#8217;utente, memorizzare le informazioni relative ad esempio ai carrelli della spesa e fornire dati di tracciamento anonimi ad applicazioni di [&hellip;]<\/p>\n","protected":false},"author":3,"featured_media":0,"parent":0,"menu_order":0,"comment_status":"closed","ping_status":"closed","template":"","meta":{"footnotes":""},"class_list":["post-762","page","type-page","status-publish","hentry"],"yoast_head":"<!-- This site is optimized with the Yoast SEO plugin v24.5 - https:\/\/yoast.com\/wordpress\/plugins\/seo\/ -->\n<title>Informativa sui cookie - ProjektAtelier<\/title>\n<meta name=\"robots\" content=\"index, follow, max-snippet:-1, max-image-preview:large, max-video-preview:-1\" \/>\n<link rel=\"canonical\" href=\"https:\/\/projekt-atelier.ch\/cookie-policy\/\" \/>\n<meta property=\"og:locale\" content=\"it_IT\" \/>\n<meta property=\"og:type\" content=\"article\" \/>\n<meta property=\"og:title\" content=\"Informativa sui cookie - ProjektAtelier\" \/>\n<meta property=\"og:description\" content=\"Questo sito utilizza i cookie, piccoli file di testo che vengono depositati sul vostro computer per aiutare il sito a fornire una migliore esperienza all&#8217;utente. In generale, i cookie vengono utilizzati per conservare le preferenze dell&#8217;utente, memorizzare le informazioni relative ad esempio ai carrelli della spesa e fornire dati di tracciamento anonimi ad applicazioni di [&hellip;]\" \/>\n<meta property=\"og:url\" content=\"https:\/\/projekt-atelier.ch\/cookie-policy\/\" \/>\n<meta property=\"og:site_name\" content=\"ProjektAtelier\" \/>\n<meta property=\"article:modified_time\" content=\"2022-11-20T15:51:58+00:00\" \/>\n<meta name=\"twitter:card\" content=\"summary_large_image\" \/>\n<meta name=\"twitter:label1\" content=\"Tempo di lettura stimato\" \/>\n\t<meta name=\"twitter:data1\" content=\"1 minuto\" \/>\n<script type=\"application\/ld+json\" class=\"yoast-schema-graph\">{\"@context\":\"https:\/\/schema.org\",\"@graph\":[{\"@type\":\"WebPage\",\"@id\":\"https:\/\/projekt-atelier.ch\/cookie-policy\/\",\"url\":\"https:\/\/projekt-atelier.ch\/cookie-policy\/\",\"name\":\"Informativa sui cookie - ProjektAtelier\",\"isPartOf\":{\"@id\":\"https:\/\/projekt-atelier.ch\/en\/#website\"},\"datePublished\":\"2018-12-27T00:48:20+00:00\",\"dateModified\":\"2022-11-20T15:51:58+00:00\",\"breadcrumb\":{\"@id\":\"https:\/\/projekt-atelier.ch\/cookie-policy\/#breadcrumb\"},\"inLanguage\":\"it-IT\",\"potentialAction\":[{\"@type\":\"ReadAction\",\"target\":[\"https:\/\/projekt-atelier.ch\/cookie-policy\/\"]}]},{\"@type\":\"BreadcrumbList\",\"@id\":\"https:\/\/projekt-atelier.ch\/cookie-policy\/#breadcrumb\",\"itemListElement\":[{\"@type\":\"ListItem\",\"position\":1,\"name\":\"Home\",\"item\":\"https:\/\/projekt-atelier.ch\/it\/home\/\"},{\"@type\":\"ListItem\",\"position\":2,\"name\":\"Informativa sui cookie\"}]},{\"@type\":\"WebSite\",\"@id\":\"https:\/\/projekt-atelier.ch\/en\/#website\",\"url\":\"https:\/\/projekt-atelier.ch\/en\/\",\"name\":\"ProjektAtelier\",\"description\":\"\",\"potentialAction\":[{\"@type\":\"SearchAction\",\"target\":{\"@type\":\"EntryPoint\",\"urlTemplate\":\"https:\/\/projekt-atelier.ch\/en\/?s={search_term_string}\"},\"query-input\":{\"@type\":\"PropertyValueSpecification\",\"valueRequired\":true,\"valueName\":\"search_term_string\"}}],\"inLanguage\":\"it-IT\"}]}<\/script>\n<!-- \/ Yoast SEO plugin. -->","yoast_head_json":{"title":"Informativa sui cookie - ProjektAtelier","robots":{"index":"index","follow":"follow","max-snippet":"max-snippet:-1","max-image-preview":"max-image-preview:large","max-video-preview":"max-video-preview:-1"},"canonical":"https:\/\/projekt-atelier.ch\/cookie-policy\/","og_locale":"it_IT","og_type":"article","og_title":"Informativa sui cookie - ProjektAtelier","og_description":"Questo sito utilizza i cookie, piccoli file di testo che vengono depositati sul vostro computer per aiutare il sito a fornire una migliore esperienza all&#8217;utente. In generale, i cookie vengono utilizzati per conservare le preferenze dell&#8217;utente, memorizzare le informazioni relative ad esempio ai carrelli della spesa e fornire dati di tracciamento anonimi ad applicazioni di [&hellip;]","og_url":"https:\/\/projekt-atelier.ch\/cookie-policy\/","og_site_name":"ProjektAtelier","article_modified_time":"2022-11-20T15:51:58+00:00","twitter_card":"summary_large_image","twitter_misc":{"Tempo di lettura stimato":"1 minuto"},"schema":{"@context":"https:\/\/schema.org","@graph":[{"@type":"WebPage","@id":"https:\/\/projekt-atelier.ch\/cookie-policy\/","url":"https:\/\/projekt-atelier.ch\/cookie-policy\/","name":"Informativa sui cookie - ProjektAtelier","isPartOf":{"@id":"https:\/\/projekt-atelier.ch\/en\/#website"},"datePublished":"2018-12-27T00:48:20+00:00","dateModified":"2022-11-20T15:51:58+00:00","breadcrumb":{"@id":"https:\/\/projekt-atelier.ch\/cookie-policy\/#breadcrumb"},"inLanguage":"it-IT","potentialAction":[{"@type":"ReadAction","target":["https:\/\/projekt-atelier.ch\/cookie-policy\/"]}]},{"@type":"BreadcrumbList","@id":"https:\/\/projekt-atelier.ch\/cookie-policy\/#breadcrumb","itemListElement":[{"@type":"ListItem","position":1,"name":"Home","item":"https:\/\/projekt-atelier.ch\/it\/home\/"},{"@type":"ListItem","position":2,"name":"Informativa sui cookie"}]},{"@type":"WebSite","@id":"https:\/\/projekt-atelier.ch\/en\/#website","url":"https:\/\/projekt-atelier.ch\/en\/","name":"ProjektAtelier","description":"","potentialAction":[{"@type":"SearchAction","target":{"@type":"EntryPoint","urlTemplate":"https:\/\/projekt-atelier.ch\/en\/?s={search_term_string}"},"query-input":{"@type":"PropertyValueSpecification","valueRequired":true,"valueName":"search_term_string"}}],"inLanguage":"it-IT"}]}},"_links":{"self":[{"href":"https:\/\/projekt-atelier.ch\/it\/wp-json\/wp\/v2\/pages\/762","targetHints":{"allow":["GET"]}}],"collection":[{"href":"https:\/\/projekt-atelier.ch\/it\/wp-json\/wp\/v2\/pages"}],"about":[{"href":"https:\/\/projekt-atelier.ch\/it\/wp-json\/wp\/v2\/types\/page"}],"author":[{"embeddable":true,"href":"https:\/\/projekt-atelier.ch\/it\/wp-json\/wp\/v2\/users\/3"}],"replies":[{"embeddable":true,"href":"https:\/\/projekt-atelier.ch\/it\/wp-json\/wp\/v2\/comments?post=762"}],"version-history":[{"count":2,"href":"https:\/\/projekt-atelier.ch\/it\/wp-json\/wp\/v2\/pages\/762\/revisions"}],"predecessor-version":[{"id":763,"href":"https:\/\/projekt-atelier.ch\/it\/wp-json\/wp\/v2\/pages\/762\/revisions\/763"}],"wp:attachment":[{"href":"https:\/\/projekt-atelier.ch\/it\/wp-json\/wp\/v2\/media?parent=762"}],"curies":[{"name":"wp","href":"https:\/\/api.w.org\/{rel}","templated":true}]}}